{"id":33368804,"date":"2019-10-22T11:32:10","date_gmt":"2019-10-22T09:32:10","guid":{"rendered":"https:\/\/www.kurzimmo.ch\/diverste-dienste\/"},"modified":"2019-10-29T13:16:46","modified_gmt":"2019-10-29T12:16:46","slug":"services","status":"publish","type":"page","link":"https:\/\/www.kurzimmo.ch\/en\/services\/","title":{"rendered":"Services"},"content":{"rendered":"<p>{&#8220;main-title&#8221;:{&#8220;component&#8221;:&#8221;hc_title&#8221;,&#8221;id&#8221;:&#8221;main-title&#8221;,&#8221;title&#8221;:&#8221;Services&#8221;,&#8221;subtitle&#8221;:&#8221;&#8221;,&#8221;title_content&#8221;:{&#8220;component&#8221;:&#8221;hc_title_empty&#8221;,&#8221;id&#8221;:&#8221;title-empty&#8221;}},&#8221;section_wzidu&#8221;:{&#8220;component&#8221;:&#8221;hc_section&#8221;,&#8221;id&#8221;:&#8221;section_wzidu&#8221;,&#8221;section_width&#8221;:&#8221;&#8221;,&#8221;animation&#8221;:&#8221;&#8221;,&#8221;animation_time&#8221;:&#8221;&#8221;,&#8221;timeline_animation&#8221;:&#8221;&#8221;,&#8221;timeline_delay&#8221;:&#8221;&#8221;,&#8221;timeline_order&#8221;:&#8221;&#8221;,&#8221;vertical_row&#8221;:&#8221;&#8221;,&#8221;box_middle&#8221;:&#8221;&#8221;,&#8221;css_classes&#8221;:&#8221;&#8221;,&#8221;custom_css_classes&#8221;:&#8221;&#8221;,&#8221;custom_css_styles&#8221;:&#8221;&#8221;,&#8221;section_content&#8221;:[{&#8220;component&#8221;:&#8221;hc_column&#8221;,&#8221;id&#8221;:&#8221;column_V9x4i&#8221;,&#8221;column_width&#8221;:&#8221;col-md-12&#8243;,&#8221;animation&#8221;:&#8221;&#8221;,&#8221;animation_time&#8221;:&#8221;&#8221;,&#8221;timeline_animation&#8221;:&#8221;&#8221;,&#8221;timeline_delay&#8221;:&#8221;&#8221;,&#8221;timeline_order&#8221;:&#8221;&#8221;,&#8221;css_classes&#8221;:&#8221;&#8221;,&#8221;custom_css_classes&#8221;:&#8221;&#8221;,&#8221;custom_css_styles&#8221;:&#8221;&#8221;,&#8221;main_content&#8221;:[{&#8220;component&#8221;:&#8221;hc_tab&#8221;,&#8221;id&#8221;:&#8221;W0JD3&#8243;,&#8221;css_classes&#8221;:&#8221;&#8221;,&#8221;custom_css_classes&#8221;:&#8221;&#8221;,&#8221;custom_css_styles&#8221;:&#8221;&#8221;,&#8221;name_1&#8243;:&#8221;Services&#8221;,&#8221;icon_1&#8243;:&#8221;&#8221;,&#8221;icon_style_1&#8243;:&#8221;&#8221;,&#8221;icon_image_1&#8243;:&#8221;&#8221;,&#8221;content_1&#8243;:[{&#8220;component&#8221;:&#8221;hc_column&#8221;,&#8221;id&#8221;:&#8221;column_G2mjP&#8221;,&#8221;column_width&#8221;:&#8221;col-md-8&#8243;,&#8221;animation&#8221;:&#8221;&#8221;,&#8221;animation_time&#8221;:&#8221;&#8221;,&#8221;timeline_animation&#8221;:&#8221;&#8221;,&#8221;timeline_delay&#8221;:&#8221;&#8221;,&#8221;timeline_order&#8221;:&#8221;&#8221;,&#8221;css_classes&#8221;:&#8221;&#8221;,&#8221;custom_css_classes&#8221;:&#8221;&#8221;,&#8221;custom_css_styles&#8221;:&#8221;&#8221;,&#8221;main_content&#8221;:[{&#8220;component&#8221;:&#8221;hc_wp_editor&#8221;,&#8221;id&#8221;:&#8221;81qeI&#8221;,&#8221;css_classes&#8221;:&#8221;&#8221;,&#8221;custom_css_classes&#8221;:&#8221;&#8221;,&#8221;custom_css_styles&#8221;:&#8221;&#8221;,&#8221;editor_content&#8221;:&#8221;<\/p>\n<h1>Diverse Dienste: Gewinnen Sie Zeit!<\/h1>\n<p>\\nDas Leben in unserer modernen Industriegesellschaft bringt unbestritten viele Vorteile mit sich. Frei verf\u00fcgbare Zeit wird aber zu einem kostbaren Gut.\\n\\nKurzImmo bietet Ihnen deshalb die Chance, Zeit (zur\u00fcck) zu gewinnen. Wir haben f\u00fcr verschiedene Aufgaben passendes Personal und \u00fcbernehmen f\u00fcr Sie gerne und flexibel diverse Dienste z.B.\\n<\/p>\n<ul>\\n \\t<\/p>\n<li>Betreuung Ihrer Wohnung w\u00e4hrend Ferienabwesenheiten (Blumen pflegen, Briefkasten leeren, K\u00fchlschrank auff\u00fcllen, bevor Sie zur\u00fcckkehren etc.)<\/li>\n<p>\\n \\t<\/p>\n<li>Reinigung Ihrer Wohnung [Link zu Reinigung]<\/li>\n<p>\\n \\t<\/p>\n<li>Lebensmitteleinkauf<\/li>\n<p>\\n \\t<\/p>\n<li>Boteng\u00e4nge und Transporte<\/li>\n<p>\\n \\t<\/p>\n<li>Fahrdienste (z.B. zum Flughafen oder Bahnhof)<\/li>\n<p>\\n \\t<\/p>\n<li>Abholen oder Begleiten von Kindern<\/li>\n<p>\\n \\t<\/p>\n<li>Pers\u00f6nliche Sekretariatsdienste<\/li>\n<p>\\n \\t<\/p>\n<li>Organisation von Reisen<\/li>\n<p>\\n \\t<\/p>\n<li>Erledigung gesch\u00e4ftlicher Aufgaben im Ausland<\/li>\n<p>\\n \\t<\/p>\n<li>u.v.m.<\/li>\n<p>\\n<\/ul>\n<p>\\nWas auch immer es ist, wir sind f\u00fcr Sie ganz pers\u00f6nlich da. Z\u00f6gern Sie nicht, uns Ihre individuellen Bed\u00fcrfnisse zu nennen.&#8221;}]},{&#8220;component&#8221;:&#8221;hc_column&#8221;,&#8221;id&#8221;:&#8221;column_2d9oD&#8221;,&#8221;column_width&#8221;:&#8221;col-md-4&#8243;,&#8221;animation&#8221;:&#8221;&#8221;,&#8221;animation_time&#8221;:&#8221;&#8221;,&#8221;timeline_animation&#8221;:&#8221;&#8221;,&#8221;timeline_delay&#8221;:&#8221;&#8221;,&#8221;timeline_order&#8221;:&#8221;&#8221;,&#8221;css_classes&#8221;:&#8221;&#8221;,&#8221;custom_css_classes&#8221;:&#8221;&#8221;,&#8221;custom_css_styles&#8221;:&#8221;&#8221;,&#8221;main_content&#8221;:[{&#8220;component&#8221;:&#8221;hc_image&#8221;,&#8221;id&#8221;:&#8221;u87TI&#8221;,&#8221;css_classes&#8221;:&#8221;&#8221;,&#8221;custom_css_classes&#8221;:&#8221;&#8221;,&#8221;custom_css_styles&#8221;:&#8221;&#8221;,&#8221;image&#8221;:&#8221;https:\/\/www.kurzimmo.ch\/wp-content\/uploads\/2019\/10\/Dienstleistungen_1.jpg|316|319|33367753&#8243;,&#8221;alt&#8221;:&#8221;&#8221;,&#8221;thumb_size&#8221;:&#8221;large&#8221;}]},{&#8220;component&#8221;:&#8221;hc_pt_masonry_list&#8221;,&#8221;id&#8221;:&#8221;wSGJd&#8221;,&#8221;css_classes&#8221;:&#8221;no-padding-bottom clear &#8220;,&#8221;custom_css_classes&#8221;:&#8221;&#8221;,&#8221;custom_css_styles&#8221;:&#8221;&#8221;,&#8221;post_type_slug&#8221;:&#8221;dienstleistungen&#8221;,&#8221;post_type_category&#8221;:&#8221;&#8221;,&#8221;column&#8221;:&#8221;col-md-6&#8243;,&#8221;row&#8221;:&#8221;&#8221;,&#8221;margins&#8221;:&#8221;&#8221;,&#8221;pagination_type&#8221;:&#8221;&#8221;,&#8221;pag_items&#8221;:&#8221;&#8221;,&#8221;pag_lm_animation&#8221;:&#8221;&#8221;,&#8221;button_size&#8221;:&#8221;pagination-sm&#8221;,&#8221;menu&#8221;:false,&#8221;menu_position&#8221;:&#8221;nav-center&#8221;,&#8221;menu_style&#8221;:&#8221;ms-minimal&#8221;,&#8221;auto_masonry&#8221;:true,&#8221;box&#8221;:&#8221;side_content&#8221;,&#8221;boxed&#8221;:false,&#8221;boxed_inverse&#8221;:false,&#8221;button_text&#8221;:&#8221;&#8221;,&#8221;button_style&#8221;:&#8221;circle&#8221;,&#8221;button_dimensions&#8221;:&#8221;&#8221;,&#8221;button_animation&#8221;:false,&#8221;hidden_content&#8221;:false,&#8221;extra_1&#8243;:false,&#8221;extra_2&#8243;:false,&#8221;content&#8221;:&#8221;&#8221;,&#8221;title_length&#8221;:&#8221;&#8221;,&#8221;excerpt_length&#8221;:&#8221;&#8221;,&#8221;title_size&#8221;:&#8221;&#8221;,&#8221;box_animation&#8221;:&#8221;&#8221;,&#8221;custom_css&#8221;:&#8221;&#8221;,&#8221;pag_scroll_top&#8221;:false,&#8221;pag_centered&#8221;:false,&#8221;pag_button_prev&#8221;:&#8221;Prev&#8221;,&#8221;pag_button_next&#8221;:&#8221;Next&#8221;,&#8221;lm_lazy&#8221;:false,&#8221;lm_button_text&#8221;:&#8221;Load more&#8221;,&#8221;data_options_pagination&#8221;:&#8221;&#8221;}],&#8221;name_2&#8243;:&#8221;Contact form&#8221;,&#8221;icon_2&#8243;:&#8221;&#8221;,&#8221;icon_style_2&#8243;:&#8221;&#8221;,&#8221;icon_image_2&#8243;:&#8221;&#8221;,&#8221;content_2&#8243;:[{&#8220;component&#8221;:&#8221;hc_text_block&#8221;,&#8221;id&#8221;:&#8221;a8VAC&#8221;,&#8221;css_classes&#8221;:&#8221;&#8221;,&#8221;custom_css_classes&#8221;:&#8221;&#8221;,&#8221;custom_css_styles&#8221;:&#8221;&#8221;,&#8221;content&#8221;:&#8221;<div class=\"wpforms-container wpforms-container-full\" id=\"wpforms-33368633\"><form id=\"wpforms-form-33368633\" class=\"wpforms-validate wpforms-form\" data-formid=\"33368633\" method=\"post\" enctype=\"multipart\/form-data\" action=\"\/en\/wp-json\/wp\/v2\/pages\/33368804\" data-token=\"92f42f23f8a4e03f107a0e361a234d42\" data-token-time=\"1776350836\"><div class=\"wpforms-head-container\"><div class=\"wpforms-title\">Contact us regarding services<\/div><div class=\"wpforms-description\">Inform yourself without obligation about our services. Simply select the service you are interested in and enter your details in the form below. Then just click on \"Submit\" and we will contact you.<\/div><\/div><noscript class=\"wpforms-error-noscript\">Please enable JavaScript in your browser to complete this form.<\/noscript><div class=\"wpforms-field-container\"><div id=\"wpforms-33368633-field_8-container\" class=\"wpforms-field wpforms-field-checkbox wpforms-list-3-columns\" data-field-id=\"8\"><label class=\"wpforms-field-label\" for=\"wpforms-33368633-field_8\">Please Select the service:<\/label><ul id=\"wpforms-33368633-field_8\"><li class=\"choice-1 depth-1\"><input type=\"checkbox\" id=\"wpforms-33368633-field_8_1\" name=\"wpforms[fields][8][]\" value=\"Furnished apartment\"  ><label class=\"wpforms-field-label-inline\" for=\"wpforms-33368633-field_8_1\">Furnished apartment<\/label><\/li><li class=\"choice-2 depth-1\"><input type=\"checkbox\" id=\"wpforms-33368633-field_8_2\" name=\"wpforms[fields][8][]\" value=\"Organize insurance\"  ><label class=\"wpforms-field-label-inline\" for=\"wpforms-33368633-field_8_2\">Organize insurance<\/label><\/li><li class=\"choice-3 depth-1\"><input type=\"checkbox\" id=\"wpforms-33368633-field_8_3\" name=\"wpforms[fields][8][]\" value=\"Cleaning\"  ><label class=\"wpforms-field-label-inline\" for=\"wpforms-33368633-field_8_3\">Cleaning<\/label><\/li><li class=\"choice-8 depth-1\"><input type=\"checkbox\" id=\"wpforms-33368633-field_8_8\" name=\"wpforms[fields][8][]\" value=\"Property search\"  ><label class=\"wpforms-field-label-inline\" for=\"wpforms-33368633-field_8_8\">Property search<\/label><\/li><li class=\"choice-7 depth-1\"><input type=\"checkbox\" id=\"wpforms-33368633-field_8_7\" name=\"wpforms[fields][8][]\" value=\"Holiday representation\"  ><label class=\"wpforms-field-label-inline\" for=\"wpforms-33368633-field_8_7\">Holiday representation<\/label><\/li><li class=\"choice-6 depth-1\"><input type=\"checkbox\" id=\"wpforms-33368633-field_8_6\" name=\"wpforms[fields][8][]\" value=\"Laundry\"  ><label class=\"wpforms-field-label-inline\" for=\"wpforms-33368633-field_8_6\">Laundry<\/label><\/li><li class=\"choice-5 depth-1\"><input type=\"checkbox\" id=\"wpforms-33368633-field_8_5\" name=\"wpforms[fields][8][]\" value=\"Registration with authorities\"  ><label class=\"wpforms-field-label-inline\" for=\"wpforms-33368633-field_8_5\">Registration with authorities<\/label><\/li><li class=\"choice-4 depth-1\"><input type=\"checkbox\" id=\"wpforms-33368633-field_8_4\" name=\"wpforms[fields][8][]\" value=\"Post \/ secretarial service\"  ><label class=\"wpforms-field-label-inline\" for=\"wpforms-33368633-field_8_4\">Post \/ secretarial service<\/label><\/li><li class=\"choice-11 depth-1\"><input type=\"checkbox\" id=\"wpforms-33368633-field_8_11\" name=\"wpforms[fields][8][]\" value=\"Organize removal\"  ><label class=\"wpforms-field-label-inline\" for=\"wpforms-33368633-field_8_11\">Organize removal<\/label><\/li><li class=\"choice-10 depth-1\"><input type=\"checkbox\" id=\"wpforms-33368633-field_8_10\" name=\"wpforms[fields][8][]\" value=\"Fahrdienste\"  ><label class=\"wpforms-field-label-inline\" for=\"wpforms-33368633-field_8_10\">Fahrdienste<\/label><\/li><\/ul><\/div><div id=\"wpforms-33368633-field_21-container\" class=\"wpforms-field wpforms-field-radio wpforms-list-inline\" data-field-id=\"21\"><label class=\"wpforms-field-label wpforms-label-hide\" for=\"wpforms-33368633-field_21\">Address <span class=\"wpforms-required-label\">*<\/span><\/label><ul id=\"wpforms-33368633-field_21\" class=\"wpforms-field-required\"><li class=\"choice-1 depth-1\"><input type=\"radio\" id=\"wpforms-33368633-field_21_1\" name=\"wpforms[fields][21]\" value=\"Mr\" required ><label class=\"wpforms-field-label-inline\" for=\"wpforms-33368633-field_21_1\">Mr<\/label><\/li><li class=\"choice-2 depth-1\"><input type=\"radio\" id=\"wpforms-33368633-field_21_2\" name=\"wpforms[fields][21]\" value=\"Ms\" required ><label class=\"wpforms-field-label-inline\" for=\"wpforms-33368633-field_21_2\">Ms<\/label><\/li><\/ul><\/div><div id=\"wpforms-33368633-field_20-container\" class=\"wpforms-field wpforms-field-text\" data-field-id=\"20\"><label class=\"wpforms-field-label\" for=\"wpforms-33368633-field_20\">Title<\/label><input type=\"text\" id=\"wpforms-33368633-field_20\" class=\"wpforms-field-medium\" name=\"wpforms[fields][20]\" ><\/div><div id=\"wpforms-33368633-field_0-container\" class=\"wpforms-field wpforms-field-name\" data-field-id=\"0\"><label class=\"wpforms-field-label\" for=\"wpforms-33368633-field_0\">Name <span class=\"wpforms-required-label\">*<\/span><\/label><div class=\"wpforms-field-row wpforms-field-medium\"><div class=\"wpforms-field-row-block wpforms-first wpforms-one-half\"><input type=\"text\" id=\"wpforms-33368633-field_0\" class=\"wpforms-field-name-first wpforms-field-required\" name=\"wpforms[fields][0][first]\" required><label for=\"wpforms-33368633-field_0\" class=\"wpforms-field-sublabel after\">First<\/label><\/div><div class=\"wpforms-field-row-block wpforms-one-half\"><input type=\"text\" id=\"wpforms-33368633-field_0-last\" class=\"wpforms-field-name-last wpforms-field-required\" name=\"wpforms[fields][0][last]\" required><label for=\"wpforms-33368633-field_0-last\" class=\"wpforms-field-sublabel after\">Last<\/label><\/div><\/div><\/div><div id=\"wpforms-33368633-field_4-container\" class=\"wpforms-field wpforms-field-text\" data-field-id=\"4\"><label class=\"wpforms-field-label\" for=\"wpforms-33368633-field_4\">Address <span class=\"wpforms-required-label\">*<\/span><\/label><input type=\"text\" id=\"wpforms-33368633-field_4\" class=\"wpforms-field-medium wpforms-field-required\" name=\"wpforms[fields][4]\" required><\/div><div id=\"wpforms-33368633-field_13-container\" class=\"wpforms-field wpforms-field-text\" data-field-id=\"13\"><label class=\"wpforms-field-label\" for=\"wpforms-33368633-field_13\">Postcode \/ town <span class=\"wpforms-required-label\">*<\/span><\/label><input type=\"text\" id=\"wpforms-33368633-field_13\" class=\"wpforms-field-medium wpforms-field-required\" name=\"wpforms[fields][13]\" required><\/div><div id=\"wpforms-33368633-field_14-container\" class=\"wpforms-field wpforms-field-text\" data-field-id=\"14\"><label class=\"wpforms-field-label\" for=\"wpforms-33368633-field_14\">Country <span class=\"wpforms-required-label\">*<\/span><\/label><input type=\"text\" id=\"wpforms-33368633-field_14\" class=\"wpforms-field-medium wpforms-field-required\" name=\"wpforms[fields][14]\" required><\/div><div id=\"wpforms-33368633-field_15-container\" class=\"wpforms-field wpforms-field-text\" data-field-id=\"15\"><label class=\"wpforms-field-label\" for=\"wpforms-33368633-field_15\">Telephone P.<\/label><input type=\"text\" id=\"wpforms-33368633-field_15\" class=\"wpforms-field-medium\" name=\"wpforms[fields][15]\" ><\/div><div id=\"wpforms-33368633-field_16-container\" class=\"wpforms-field wpforms-field-text\" data-field-id=\"16\"><label class=\"wpforms-field-label\" for=\"wpforms-33368633-field_16\">Telephone G.<\/label><input type=\"text\" id=\"wpforms-33368633-field_16\" class=\"wpforms-field-medium\" name=\"wpforms[fields][16]\" ><\/div><div id=\"wpforms-33368633-field_17-container\" class=\"wpforms-field wpforms-field-text\" data-field-id=\"17\"><label class=\"wpforms-field-label\" for=\"wpforms-33368633-field_17\">Cellphone<\/label><input type=\"text\" id=\"wpforms-33368633-field_17\" class=\"wpforms-field-medium\" name=\"wpforms[fields][17]\" ><\/div><div id=\"wpforms-33368633-field_1-container\" class=\"wpforms-field wpforms-field-email\" data-field-id=\"1\"><label class=\"wpforms-field-label\" for=\"wpforms-33368633-field_1\">E-mail P. <span class=\"wpforms-required-label\">*<\/span><\/label><input type=\"email\" id=\"wpforms-33368633-field_1\" class=\"wpforms-field-medium wpforms-field-required\" name=\"wpforms[fields][1]\" spellcheck=\"false\" required><\/div><div id=\"wpforms-33368633-field_5-container\" class=\"wpforms-field wpforms-field-email\" data-field-id=\"5\"><label class=\"wpforms-field-label\" for=\"wpforms-33368633-field_5\">E-mail G.<\/label><input type=\"email\" id=\"wpforms-33368633-field_5\" class=\"wpforms-field-medium\" name=\"wpforms[fields][5]\" spellcheck=\"false\" ><\/div><div id=\"wpforms-33368633-field_9-container\" class=\"wpforms-field wpforms-field-radio wpforms-list-inline\" data-field-id=\"9\"><label class=\"wpforms-field-label\" for=\"wpforms-33368633-field_9\">Multiple Choice <span class=\"wpforms-required-label\">*<\/span><\/label><ul id=\"wpforms-33368633-field_9\" class=\"wpforms-field-required\"><li class=\"choice-1 depth-1\"><input type=\"radio\" id=\"wpforms-33368633-field_9_1\" name=\"wpforms[fields][9]\" value=\"I wish a callback\" required ><label class=\"wpforms-field-label-inline\" for=\"wpforms-33368633-field_9_1\">I wish a callback<\/label><\/li><li class=\"choice-2 depth-1\"><input type=\"radio\" id=\"wpforms-33368633-field_9_2\" name=\"wpforms[fields][9]\" value=\"Contact me by email\" required ><label class=\"wpforms-field-label-inline\" for=\"wpforms-33368633-field_9_2\">Contact me by email<\/label><\/li><\/ul><div class=\"wpforms-field-description\">In case of a callback, please fill the desired date, time and telephone number.<\/div><\/div><div id=\"wpforms-33368633-field_10-container\" class=\"wpforms-field wpforms-field-text\" data-field-id=\"10\"><label class=\"wpforms-field-label\" for=\"wpforms-33368633-field_10\">Date<\/label><input type=\"text\" id=\"wpforms-33368633-field_10\" class=\"wpforms-field-medium\" name=\"wpforms[fields][10]\" ><div class=\"wpforms-field-description\">(DD.MM.YYYY)<\/div><\/div><div id=\"wpforms-33368633-field_11-container\" class=\"wpforms-field wpforms-field-text\" data-field-id=\"11\"><label class=\"wpforms-field-label\" for=\"wpforms-33368633-field_11\">Time<\/label><input type=\"text\" id=\"wpforms-33368633-field_11\" class=\"wpforms-field-medium\" name=\"wpforms[fields][11]\" ><div class=\"wpforms-field-description\">(from ... to)<\/div><\/div><div id=\"wpforms-33368633-field_18-container\" class=\"wpforms-field wpforms-field-text\" data-field-id=\"18\"><label class=\"wpforms-field-label\" for=\"wpforms-33368633-field_18\">Telephone number<\/label><input type=\"text\" id=\"wpforms-33368633-field_18\" class=\"wpforms-field-medium\" name=\"wpforms[fields][18]\" ><\/div><div id=\"wpforms-33368633-field_2-container\" class=\"wpforms-field wpforms-field-textarea\" data-field-id=\"2\"><label class=\"wpforms-field-label\" for=\"wpforms-33368633-field_2\">Message<\/label><textarea id=\"wpforms-33368633-field_2\" class=\"wpforms-field-medium\" name=\"wpforms[fields][2]\" ><\/textarea><\/div><\/div><!-- .wpforms-field-container --><div class=\"wpforms-field wpforms-field-hp\"><label for=\"wpforms-33368633-field-hp\" class=\"wpforms-field-label\">Website<\/label><input type=\"text\" name=\"wpforms[hp]\" id=\"wpforms-33368633-field-hp\" class=\"wpforms-field-medium\"><\/div><div class=\"wpforms-recaptcha-container wpforms-is-recaptcha wpforms-is-recaptcha-type-v3\" ><input type=\"hidden\" name=\"wpforms[recaptcha]\" value=\"\"><\/div><div class=\"wpforms-submit-container\" ><input type=\"hidden\" name=\"wpforms[id]\" value=\"33368633\"><input type=\"hidden\" name=\"page_title\" value=\"\"><input type=\"hidden\" name=\"page_url\" value=\"https:\/\/www.kurzimmo.ch\/en\/wp-json\/wp\/v2\/pages\/33368804\"><button type=\"submit\" name=\"wpforms[submit]\" id=\"wpforms-submit-33368633\" class=\"wpforms-submit\" aria-live=\"assertive\" value=\"wpforms-submit\">Submit<\/button><\/div><\/form><\/div>  <!-- .wpforms-container -->&#8220;}],&#8221;name_3&#8243;:&#8221;&#8221;,&#8221;icon_3&#8243;:&#8221;&#8221;,&#8221;icon_style_3&#8243;:&#8221;&#8221;,&#8221;icon_image_3&#8243;:&#8221;&#8221;,&#8221;content_3&#8243;:[],&#8221;name_4&#8243;:&#8221;&#8221;,&#8221;icon_4&#8243;:&#8221;&#8221;,&#8221;icon_style_4&#8243;:&#8221;&#8221;,&#8221;icon_image_4&#8243;:&#8221;&#8221;,&#8221;content_4&#8243;:[],&#8221;name_5&#8243;:&#8221;&#8221;,&#8221;icon_5&#8243;:&#8221;&#8221;,&#8221;icon_style_5&#8243;:&#8221;&#8221;,&#8221;icon_image_5&#8243;:&#8221;&#8221;,&#8221;content_5&#8243;:[],&#8221;name_6&#8243;:&#8221;&#8221;,&#8221;icon_6&#8243;:&#8221;&#8221;,&#8221;icon_style_6&#8243;:&#8221;&#8221;,&#8221;icon_image_6&#8243;:&#8221;&#8221;,&#8221;content_6&#8243;:[],&#8221;name_7&#8243;:&#8221;&#8221;,&#8221;icon_7&#8243;:&#8221;&#8221;,&#8221;icon_style_7&#8243;:&#8221;&#8221;,&#8221;icon_image_7&#8243;:&#8221;&#8221;,&#8221;content_7&#8243;:[],&#8221;name_8&#8243;:&#8221;&#8221;,&#8221;icon_8&#8243;:&#8221;&#8221;,&#8221;icon_style_8&#8243;:&#8221;&#8221;,&#8221;icon_image_8&#8243;:&#8221;&#8221;,&#8221;content_8&#8243;:[],&#8221;style&#8221;:&#8221;classic&#8221;,&#8221;pills&#8221;:true,&#8221;animation&#8221;:&#8221;&#8221;,&#8221;animation_icon&#8221;:&#8221;&#8221;,&#8221;layout&#8221;:&#8221;&#8221;}]}],&#8221;section_settings&#8221;:&#8221;&#8221;},&#8221;scripts&#8221;:{&#8220;components&#8221;:&#8221;jquery.tab-accordion.js&#8221;,&#8221;masonry&#8221;:&#8221;isotope.min.js&#8221;},&#8221;css&#8221;:{&#8220;components&#8221;:&#8221;css\/components.css&#8221;,&#8221;content_box&#8221;:&#8221;css\/content-box.css&#8221;},&#8221;css_page&#8221;:&#8221;&#8221;,&#8221;template_setting&#8221;:{&#8220;settings&#8221;:{&#8220;id&#8221;:&#8221;settings&#8221;}},&#8221;template_setting_top&#8221;:{},&#8221;page_setting&#8221;:{&#8220;settings&#8221;:[&#8220;lock-mode-on&#8221;]}}<\/p>\n","protected":false},"excerpt":{"rendered":"<p>{&#8220;main-title&#8221;:{&#8220;component&#8221;:&#8221;hc_title&#8221;,&#8221;id&#8221;:&#8221;main-title&#8221;,&#8221;title&#8221;:&#8221;Services&#8221;,&#8221;subtitle&#8221;:&#8221;&#8221;,&#8221;title_content&#8221;:{&#8220;component&#8221;:&#8221;hc_title_empty&#8221;,&#8221;id&#8221;:&#8221;title-empty&#8221;}},&#8221;section_wzidu&#8221;:{&#8220;component&#8221;:&#8221;hc_section&#8221;,&#8221;id&#8221;:&#8221;section_wzidu&#8221;,&#8221;section_width&#8221;:&#8221;&#8221;,&#8221;animation&#8221;:&#8221;&#8221;,&#8221;animation_time&#8221;:&#8221;&#8221;,&#8221;timeline_animation&#8221;:&#8221;&#8221;,&#8221;timeline_delay&#8221;:&#8221;&#8221;,&#8221;timeline_order&#8221;:&#8221;&#8221;,&#8221;vertical_row&#8221;:&#8221;&#8221;,&#8221;box_middle&#8221;:&#8221;&#8221;,&#8221;css_classes&#8221;:&#8221;&#8221;,&#8221;custom_css_classes&#8221;:&#8221;&#8221;,&#8221;custom_css_styles&#8221;:&#8221;&#8221;,&#8221;section_content&#8221;:[{&#8220;component&#8221;:&#8221;hc_column&#8221;,&#8221;id&#8221;:&#8221;column_V9x4i&#8221;,&#8221;column_width&#8221;:&#8221;col-md-12&#8243;,&#8221;animation&#8221;:&#8221;&#8221;,&#8221;animation_time&#8221;:&#8221;&#8221;,&#8221;timeline_animation&#8221;:&#8221;&#8221;,&#8221;timeline_delay&#8221;:&#8221;&#8221;,&#8221;timeline_order&#8221;:&#8221;&#8221;,&#8221;css_classes&#8221;:&#8221;&#8221;,&#8221;custom_css_classes&#8221;:&#8221;&#8221;,&#8221;custom_css_styles&#8221;:&#8221;&#8221;,&#8221;main_content&#8221;:[{&#8220;component&#8221;:&#8221;hc_tab&#8221;,&#8221;id&#8221;:&#8221;W0JD3&#8243;,&#8221;css_classes&#8221;:&#8221;&#8221;,&#8221;custom_css_classes&#8221;:&#8221;&#8221;,&#8221;custom_css_styles&#8221;:&#8221;&#8221;,&#8221;name_1&#8243;:&#8221;Services&#8221;,&#8221;icon_1&#8243;:&#8221;&#8221;,&#8221;icon_style_1&#8243;:&#8221;&#8221;,&#8221;icon_image_1&#8243;:&#8221;&#8221;,&#8221;content_1&#8243;:[{&#8220;component&#8221;:&#8221;hc_column&#8221;,&#8221;id&#8221;:&#8221;column_G2mjP&#8221;,&#8221;column_width&#8221;:&#8221;col-md-8&#8243;,&#8221;animation&#8221;:&#8221;&#8221;,&#8221;animation_time&#8221;:&#8221;&#8221;,&#8221;timeline_animation&#8221;:&#8221;&#8221;,&#8221;timeline_delay&#8221;:&#8221;&#8221;,&#8221;timeline_order&#8221;:&#8221;&#8221;,&#8221;css_classes&#8221;:&#8221;&#8221;,&#8221;custom_css_classes&#8221;:&#8221;&#8221;,&#8221;custom_css_styles&#8221;:&#8221;&#8221;,&#8221;main_content&#8221;:[{&#8220;component&#8221;:&#8221;hc_wp_editor&#8221;,&#8221;id&#8221;:&#8221;81qeI&#8221;,&#8221;css_classes&#8221;:&#8221;&#8221;,&#8221;custom_css_classes&#8221;:&#8221;&#8221;,&#8221;custom_css_styles&#8221;:&#8221;&#8221;,&#8221;editor_content&#8221;:&#8221; Diverse Dienste: Gewinnen Sie Zeit! \\nDas Leben in unserer modernen Industriegesellschaft bringt unbestritten viele Vorteile mit sich. Frei verf\u00fcgbare Zeit wird aber zu einem kostbaren Gut.\\n\\nKurzImmo bietet Ihnen deshalb die Chance, Zeit (zur\u00fcck) zu gewinnen. Wir haben f\u00fcr verschiedene Aufgaben passendes Personal und \u00fcbernehmen f\u00fcr Sie gerne und flexibel diverse Dienste z.B.\\n \\n \\t [&hellip;]<\/p>\n","protected":false},"author":1,"featured_media":0,"parent":0,"menu_order":0,"comment_status":"closed","ping_status":"closed","template":"","meta":{"_acf_changed":false,"footnotes":""},"class_list":["post-33368804","page","type-page","status-publish","hentry"],"acf":[],"_links":{"self":[{"href":"https:\/\/www.kurzimmo.ch\/en\/wp-json\/wp\/v2\/pages\/33368804"}],"collection":[{"href":"https:\/\/www.kurzimmo.ch\/en\/wp-json\/wp\/v2\/pages"}],"about":[{"href":"https:\/\/www.kurzimmo.ch\/en\/wp-json\/wp\/v2\/types\/page"}],"author":[{"embeddable":true,"href":"https:\/\/www.kurzimmo.ch\/en\/wp-json\/wp\/v2\/users\/1"}],"replies":[{"embeddable":true,"href":"https:\/\/www.kurzimmo.ch\/en\/wp-json\/wp\/v2\/comments?post=33368804"}],"version-history":[{"count":0,"href":"https:\/\/www.kurzimmo.ch\/en\/wp-json\/wp\/v2\/pages\/33368804\/revisions"}],"wp:attachment":[{"href":"https:\/\/www.kurzimmo.ch\/en\/wp-json\/wp\/v2\/media?parent=33368804"}],"curies":[{"name":"wp","href":"https:\/\/api.w.org\/{rel}","templated":true}]}}