{"id":33368808,"date":"2019-10-22T11:59:50","date_gmt":"2019-10-22T09:59:50","guid":{"rendered":"https:\/\/www.kurzimmo.ch\/firma-philosophie\/"},"modified":"2019-11-26T13:13:40","modified_gmt":"2019-11-26T12:13:40","slug":"company-philosophy","status":"publish","type":"page","link":"https:\/\/www.kurzimmo.ch\/en\/company-philosophy\/","title":{"rendered":"Company \/ Philosophy"},"content":{"rendered":"<p>{&#8220;main-title&#8221;:{&#8220;component&#8221;:&#8221;hc_title&#8221;,&#8221;id&#8221;:&#8221;main-title&#8221;,&#8221;title&#8221;:&#8221;Company \/ Philosophy&#8221;,&#8221;subtitle&#8221;:&#8221;&#8221;,&#8221;title_content&#8221;:{&#8220;component&#8221;:&#8221;hc_title_empty&#8221;,&#8221;id&#8221;:&#8221;title-empty&#8221;}},&#8221;section_5ZtkF&#8221;:{&#8220;component&#8221;:&#8221;hc_section&#8221;,&#8221;id&#8221;:&#8221;section_5ZtkF&#8221;,&#8221;section_width&#8221;:&#8221;&#8221;,&#8221;animation&#8221;:&#8221;&#8221;,&#8221;animation_time&#8221;:&#8221;&#8221;,&#8221;timeline_animation&#8221;:&#8221;&#8221;,&#8221;timeline_delay&#8221;:&#8221;&#8221;,&#8221;timeline_order&#8221;:&#8221;&#8221;,&#8221;vertical_row&#8221;:&#8221;&#8221;,&#8221;box_middle&#8221;:&#8221;&#8221;,&#8221;css_classes&#8221;:&#8221;no-padding-bottom &#8220;,&#8221;custom_css_classes&#8221;:&#8221;&#8221;,&#8221;custom_css_styles&#8221;:&#8221;&#8221;,&#8221;section_content&#8221;:[{&#8220;component&#8221;:&#8221;hc_column&#8221;,&#8221;id&#8221;:&#8221;column_kb3A2&#8243;,&#8221;column_width&#8221;:&#8221;col-md-8&#8243;,&#8221;animation&#8221;:&#8221;&#8221;,&#8221;animation_time&#8221;:&#8221;&#8221;,&#8221;timeline_animation&#8221;:&#8221;&#8221;,&#8221;timeline_delay&#8221;:&#8221;&#8221;,&#8221;timeline_order&#8221;:&#8221;&#8221;,&#8221;css_classes&#8221;:&#8221;&#8221;,&#8221;custom_css_classes&#8221;:&#8221;&#8221;,&#8221;custom_css_styles&#8221;:&#8221;&#8221;,&#8221;main_content&#8221;:[{&#8220;component&#8221;:&#8221;hc_wp_editor&#8221;,&#8221;id&#8221;:&#8221;ghGkU&#8221;,&#8221;css_classes&#8221;:&#8221;&#8221;,&#8221;custom_css_classes&#8221;:&#8221;&#8221;,&#8221;custom_css_styles&#8221;:&#8221;&#8221;,&#8221;editor_content&#8221;:&#8221;<\/p>\n<h1>KurzImmo &#8211; attraktive Wohnungen und Dienstleistungen<\/h1>\n<p>\\n<strong>KurzImmo<\/strong> vermietet ausschliesslich Wohnungen in <strong>Basel-Stadt<\/strong>. Die Palette der angebotenen Wohnungen reicht von 1 \u00bd &#8211; 6 Zimmer. Zus\u00e4tzlich bieten wir Restaurationsbetriebe, Einfamilienh\u00e4user, Gewerbelokale sowie Band- und Musikr\u00e4ume an.\\n\\nAlle Wohnungen von Kurz Immo liegen entweder in attraktiven, ruhigen und <strong>bevorzugten<\/strong> <strong>Wohnquartieren<\/strong> mit vielen Gr\u00fcnfl\u00e4chen oder im urbanen <strong>Zentrum<\/strong>.\\n\\nWir verstehen uns nicht nur als Vermieter von Wohn- und Nutzungsfl\u00e4chen, sondern als umfassenden <strong>Dienstleister<\/strong>. Vom Umzug \u00fcber die M\u00f6blierung bis hin zu Sekretariatsarbeiten bieten wir flexibel professionelle Dienstleistungen.\\n\\nKurz Immo ist bewusst international ausgerichtet und erstellt <strong>f\u00fcr Firmen<\/strong> massgeschneiderte L\u00f6sungen, wenn es um den geeigneten Wohnraum f\u00fcr die Belegschaft geht.\\n\\nUnser Anspruch an ein <strong>angenehmes Wohnklima<\/strong> ist hoch. Deshalb legen wir Wert darauf, dass auch B\u00e4der und K\u00fcchen \u00fcber Tageslicht verf\u00fcgen. Es geh\u00f6rt zu unserer Philosophie, dass Sie bei Kurz Immo keine Objekte aus den bautechnisch und architektonisch bedenklichen 60er Jahren finden. Zudem achten wir bei der Vergabe unserer Wohnungen auf eine sinnvolle Zusammensetzung der Mieterschaft eines Hauses.\\n\\nWir verfolgen eine <strong>transparente Kostenpolitik<\/strong>. Es ist uns ein Anliegen, dass sich unsere Mieterinnen und Mieter nicht mit intransparenten Nachforderungen, z.B. im Bereich der Energiekosten, auseinander setzen m\u00fcssen.&#8221;}]},{&#8220;component&#8221;:&#8221;hc_column&#8221;,&#8221;id&#8221;:&#8221;column_TZTD3&#8243;,&#8221;column_width&#8221;:&#8221;col-md-4&#8243;,&#8221;animation&#8221;:&#8221;&#8221;,&#8221;animation_time&#8221;:&#8221;&#8221;,&#8221;timeline_animation&#8221;:&#8221;&#8221;,&#8221;timeline_delay&#8221;:&#8221;&#8221;,&#8221;timeline_order&#8221;:&#8221;&#8221;,&#8221;css_classes&#8221;:&#8221;&#8221;,&#8221;custom_css_classes&#8221;:&#8221;&#8221;,&#8221;custom_css_styles&#8221;:&#8221;&#8221;,&#8221;main_content&#8221;:[{&#8220;component&#8221;:&#8221;hc_image&#8221;,&#8221;id&#8221;:&#8221;VWWHl&#8221;,&#8221;css_classes&#8221;:&#8221;&#8221;,&#8221;custom_css_classes&#8221;:&#8221;&#8221;,&#8221;custom_css_styles&#8221;:&#8221;&#8221;,&#8221;image&#8221;:&#8221;https:\/\/www.kurzimmo.ch\/wp-content\/uploads\/2019\/10\/KurzImmo_1.jpg|316|320|33367802&#8243;,&#8221;alt&#8221;:&#8221;&#8221;,&#8221;thumb_size&#8221;:&#8221;large&#8221;}]}],&#8221;section_settings&#8221;:&#8221;&#8221;},&#8221;scripts&#8221;:{},&#8221;css&#8221;:{},&#8221;css_page&#8221;:&#8221;&#8221;,&#8221;template_setting&#8221;:{&#8220;settings&#8221;:{&#8220;id&#8221;:&#8221;settings&#8221;}},&#8221;template_setting_top&#8221;:{},&#8221;page_setting&#8221;:{&#8220;settings&#8221;:[&#8220;lock-mode-off&#8221;]}}<\/p>\n","protected":false},"excerpt":{"rendered":"<p>{&#8220;main-title&#8221;:{&#8220;component&#8221;:&#8221;hc_title&#8221;,&#8221;id&#8221;:&#8221;main-title&#8221;,&#8221;title&#8221;:&#8221;Company \/ Philosophy&#8221;,&#8221;subtitle&#8221;:&#8221;&#8221;,&#8221;title_content&#8221;:{&#8220;component&#8221;:&#8221;hc_title_empty&#8221;,&#8221;id&#8221;:&#8221;title-empty&#8221;}},&#8221;section_5ZtkF&#8221;:{&#8220;component&#8221;:&#8221;hc_section&#8221;,&#8221;id&#8221;:&#8221;section_5ZtkF&#8221;,&#8221;section_width&#8221;:&#8221;&#8221;,&#8221;animation&#8221;:&#8221;&#8221;,&#8221;animation_time&#8221;:&#8221;&#8221;,&#8221;timeline_animation&#8221;:&#8221;&#8221;,&#8221;timeline_delay&#8221;:&#8221;&#8221;,&#8221;timeline_order&#8221;:&#8221;&#8221;,&#8221;vertical_row&#8221;:&#8221;&#8221;,&#8221;box_middle&#8221;:&#8221;&#8221;,&#8221;css_classes&#8221;:&#8221;no-padding-bottom &#8220;,&#8221;custom_css_classes&#8221;:&#8221;&#8221;,&#8221;custom_css_styles&#8221;:&#8221;&#8221;,&#8221;section_content&#8221;:[{&#8220;component&#8221;:&#8221;hc_column&#8221;,&#8221;id&#8221;:&#8221;column_kb3A2&#8243;,&#8221;column_width&#8221;:&#8221;col-md-8&#8243;,&#8221;animation&#8221;:&#8221;&#8221;,&#8221;animation_time&#8221;:&#8221;&#8221;,&#8221;timeline_animation&#8221;:&#8221;&#8221;,&#8221;timeline_delay&#8221;:&#8221;&#8221;,&#8221;timeline_order&#8221;:&#8221;&#8221;,&#8221;css_classes&#8221;:&#8221;&#8221;,&#8221;custom_css_classes&#8221;:&#8221;&#8221;,&#8221;custom_css_styles&#8221;:&#8221;&#8221;,&#8221;main_content&#8221;:[{&#8220;component&#8221;:&#8221;hc_wp_editor&#8221;,&#8221;id&#8221;:&#8221;ghGkU&#8221;,&#8221;css_classes&#8221;:&#8221;&#8221;,&#8221;custom_css_classes&#8221;:&#8221;&#8221;,&#8221;custom_css_styles&#8221;:&#8221;&#8221;,&#8221;editor_content&#8221;:&#8221; KurzImmo &#8211; attraktive Wohnungen und Dienstleistungen \\nKurzImmo vermietet ausschliesslich Wohnungen in Basel-Stadt. Die Palette der angebotenen Wohnungen reicht von 1 \u00bd &#8211; 6 Zimmer. Zus\u00e4tzlich bieten wir Restaurationsbetriebe, Einfamilienh\u00e4user, Gewerbelokale sowie Band- und Musikr\u00e4ume an.\\n\\nAlle Wohnungen von Kurz Immo liegen entweder in attraktiven, ruhigen und bevorzugten Wohnquartieren mit vielen Gr\u00fcnfl\u00e4chen oder [&hellip;]<\/p>\n","protected":false},"author":1,"featured_media":0,"parent":0,"menu_order":0,"comment_status":"closed","ping_status":"closed","template":"","meta":{"_acf_changed":false,"footnotes":""},"class_list":["post-33368808","page","type-page","status-publish","hentry"],"acf":[],"_links":{"self":[{"href":"https:\/\/www.kurzimmo.ch\/en\/wp-json\/wp\/v2\/pages\/33368808"}],"collection":[{"href":"https:\/\/www.kurzimmo.ch\/en\/wp-json\/wp\/v2\/pages"}],"about":[{"href":"https:\/\/www.kurzimmo.ch\/en\/wp-json\/wp\/v2\/types\/page"}],"author":[{"embeddable":true,"href":"https:\/\/www.kurzimmo.ch\/en\/wp-json\/wp\/v2\/users\/1"}],"replies":[{"embeddable":true,"href":"https:\/\/www.kurzimmo.ch\/en\/wp-json\/wp\/v2\/comments?post=33368808"}],"version-history":[{"count":0,"href":"https:\/\/www.kurzimmo.ch\/en\/wp-json\/wp\/v2\/pages\/33368808\/revisions"}],"wp:attachment":[{"href":"https:\/\/www.kurzimmo.ch\/en\/wp-json\/wp\/v2\/media?parent=33368808"}],"curies":[{"name":"wp","href":"https:\/\/api.w.org\/{rel}","templated":true}]}}